{"id":5715,"date":"2021-10-03T04:27:45","date_gmt":"2021-10-03T02:27:45","guid":{"rendered":"https:\/\/madegr8.eu\/about\/"},"modified":"2023-05-11T14:49:44","modified_gmt":"2023-05-11T12:49:44","slug":"a-propos","status":"publish","type":"page","link":"https:\/\/madegr8.eu\/fr\/a-propos\/","title":{"rendered":"\u00c0 propos"},"content":{"rendered":"\n<div class=\"flext-block-section flext-has-background flext-has-background-dim has-background-dim-100 alignfull flext-block-1682594837728\"><div class=\"flext-block-section-background\"><span class=\"flext-block-section-overlay-background has-primary-background-color\"><\/span><\/div><div class=\"flext-block-section-inner\">\n<div class=\"flext-block-section alignfull\"><div class=\"flext-block-section-inner\">\n<div class=\"wp-block-columns alignfull is-layout-flex wp-container-core-columns-is-layout-28f84493 wp-block-columns-is-layout-flex\">\n<div class=\"wp-block-column flext-block-1682595330143 is-layout-flow wp-block-column-is-layout-flow\" style=\"flex-basis:50%\">\n<h1 class=\"wp-block-heading has-white-color has-text-color flext-has-animation flext-animation-elastic-in-up flext-animation-delay-375 flext-animation-once flext-block-1682267802225\" style=\"font-size:90px;font-style:normal;font-weight:100\"><strong>Graphiste<br><\/strong>Polonais_<\/h1>\n\n\n\n<div style=\"height:15px\" aria-hidden=\"true\" class=\"wp-block-spacer\"><\/div>\n<\/div>\n<\/div>\n<\/div><\/div>\n\n\n\n<div class=\"flext-block-section alignfull flext-block-1682268068072\"><div class=\"flext-block-section-inner\">\n<div class=\"wp-block-columns alignfull flext-block-1682427838258 is-layout-flex wp-container-core-columns-is-layout-28f84493 wp-block-columns-is-layout-flex\">\n<div class=\"wp-block-column is-layout-flow wp-block-column-is-layout-flow\" style=\"flex-basis:35%\"><\/div>\n\n\n\n<div class=\"wp-block-column is-layout-flow wp-block-column-is-layout-flow\" style=\"flex-basis:50%\">\n<h2 class=\"wp-block-heading flext-has-animation flext-animation-elastic-in-right flext-animation-delay-500 flext-animation-once\" style=\"font-size:40px\">Salut, je suis Simon!<\/h2>\n\n\n\n<p class=\"has-eerie-black-color has-text-color flext-has-animation flext-animation-fade-right flext-animation-delay-625 flext-animation-once flext-block-1682594996842\" style=\"font-size:16px\">Je mets en oeuvre des id\u00e9es, leur donne forme, couleur et caract\u00e8re. Plongeons dans votre imagination et cr\u00e9ons ensemble un bon projet ! Un vrai bon design pour moi n\u2019est pas seulement un travail, mais aussi un mode de vie, un processus cr\u00e9atif complexe, tr\u00e8s motivant et s\u2019appuyant sur l\u2019esth\u00e9tique. Je commence \u00ab analogique \u00bb \u00e0 partir d\u2019un crayon et d\u2019un morceau de papier, \u00e0 travers des inspirations artistiques et je termine avec des projets num\u00e9ris\u00e9s. C\u2019est ainsi que je veux peindre vos id\u00e9es. D\u00e9cryptons pas \u00e0 pas les probl\u00e8mes rencontr\u00e9s et donnons leur une solution simple. En cours de route, je vais vous montrer ce que sont la hi\u00e9rar- chie et la logique de conception. Je prouverai que tout a sa composition et que m\u00eame un g\u00e2chis, contrairement aux apparences, a son ordre.<\/p>\n<\/div>\n<\/div>\n<\/div><\/div>\n<\/div><\/div>\n\n\n\n<div class=\"flext-block-gallery alignfull flext-has-animation flext-animation-fade-in flext-animation-delay-375 flext-animation-once\"><div class=\"flext-carousel-gallery flext-carousel-gutters\" data-slides-per-view=\"1\" data-gutters=\"l\" data-autoplay=\"true\" data-loop=\"true\" data-centered-slides=\"true\" data-navigation=\"true\"><div class=\"flext-carousel-wrapper\"><div class=\"flext-slide\"><figure><img  decoding=\"async\"  width=\"1024\"  height=\"576\"  src=\"data:image\/png;base64,iVBORw0KGgoAAAANSUhEUgAAAAEAAAABAQMAAAAl21bKAAAAA1BMVEUAAACnej3aAAAAAXRSTlMAQObYZgAAAAlwSFlzAAAOxAAADsQBlSsOGwAAAApJREFUCNdjYAAAAAIAAeIhvDMAAAAASUVORK5CYII=\"  alt=\"\"  id=\"5674\"  url=\"https:\/\/madegr8.eu\/wp-content\/uploads\/2023\/05\/dddddddd-8.png\"  link=\"https:\/\/madegr8.eu\/dddddddd-8\/\"  class=\"wp-image-5674 lazyload\"  data-sizes=\"auto\"  data-ls-sizes=\"(max-width: 1024px) 100vw, 1024px\"  data-src=\"https:\/\/madegr8.eu\/wp-content\/uploads\/2023\/05\/dddddddd-8-1024x576.png\"  data-srcset=\"https:\/\/madegr8.eu\/wp-content\/uploads\/2023\/05\/dddddddd-8-1024x576.png 1024w, https:\/\/madegr8.eu\/wp-content\/uploads\/2023\/05\/dddddddd-8-300x169.png 300w, https:\/\/madegr8.eu\/wp-content\/uploads\/2023\/05\/dddddddd-8-768x432.png 768w, https:\/\/madegr8.eu\/wp-content\/uploads\/2023\/05\/dddddddd-8-1536x864.png 1536w, https:\/\/madegr8.eu\/wp-content\/uploads\/2023\/05\/dddddddd-8-2048x1152.png 2048w, https:\/\/madegr8.eu\/wp-content\/uploads\/2023\/05\/dddddddd-8-1200x675.png 1200w, https:\/\/madegr8.eu\/wp-content\/uploads\/2023\/05\/dddddddd-8-1920x1080.png 1920w\" ><\/figure><\/div><div class=\"flext-slide\"><figure><img  decoding=\"async\"  width=\"1024\"  height=\"576\"  src=\"data:image\/png;base64,iVBORw0KGgoAAAANSUhEUgAAAAEAAAABAQMAAAAl21bKAAAAA1BMVEUAAACnej3aAAAAAXRSTlMAQObYZgAAAAlwSFlzAAAOxAAADsQBlSsOGwAAAApJREFUCNdjYAAAAAIAAeIhvDMAAAAASUVORK5CYII=\"  alt=\"\"  id=\"5682\"  url=\"https:\/\/madegr8.eu\/wp-content\/uploads\/2023\/05\/dddddd-1.png\"  link=\"https:\/\/madegr8.eu\/about\/dddddd-1\/\"  class=\"wp-image-5682 lazyload\"  data-sizes=\"auto\"  data-ls-sizes=\"(max-width: 1024px) 100vw, 1024px\"  data-src=\"https:\/\/madegr8.eu\/wp-content\/uploads\/2023\/05\/dddddd-1-1024x576.png\"  data-srcset=\"https:\/\/madegr8.eu\/wp-content\/uploads\/2023\/05\/dddddd-1-1024x576.png 1024w, https:\/\/madegr8.eu\/wp-content\/uploads\/2023\/05\/dddddd-1-300x169.png 300w, https:\/\/madegr8.eu\/wp-content\/uploads\/2023\/05\/dddddd-1-768x432.png 768w, https:\/\/madegr8.eu\/wp-content\/uploads\/2023\/05\/dddddd-1-1536x864.png 1536w, https:\/\/madegr8.eu\/wp-content\/uploads\/2023\/05\/dddddd-1-2048x1152.png 2048w, https:\/\/madegr8.eu\/wp-content\/uploads\/2023\/05\/dddddd-1-1200x675.png 1200w, https:\/\/madegr8.eu\/wp-content\/uploads\/2023\/05\/dddddd-1-1920x1080.png 1920w\" ><\/figure><\/div><div class=\"flext-slide\"><figure><img  decoding=\"async\"  width=\"1024\"  height=\"576\"  src=\"data:image\/png;base64,iVBORw0KGgoAAAANSUhEUgAAAAEAAAABAQMAAAAl21bKAAAAA1BMVEUAAACnej3aAAAAAXRSTlMAQObYZgAAAAlwSFlzAAAOxAAADsQBlSsOGwAAAApJREFUCNdjYAAAAAIAAeIhvDMAAAAASUVORK5CYII=\"  alt=\"\"  id=\"5676\"  url=\"https:\/\/madegr8.eu\/wp-content\/uploads\/2023\/05\/dddddddd.png\"  link=\"https:\/\/madegr8.eu\/dddddddd\/\"  class=\"wp-image-5676 lazyload\"  data-sizes=\"auto\"  data-ls-sizes=\"(max-width: 1024px) 100vw, 1024px\"  data-src=\"https:\/\/madegr8.eu\/wp-content\/uploads\/2023\/05\/dddddddd-1024x576.png\"  data-srcset=\"https:\/\/madegr8.eu\/wp-content\/uploads\/2023\/05\/dddddddd-1024x576.png 1024w, https:\/\/madegr8.eu\/wp-content\/uploads\/2023\/05\/dddddddd-300x169.png 300w, https:\/\/madegr8.eu\/wp-content\/uploads\/2023\/05\/dddddddd-768x432.png 768w, https:\/\/madegr8.eu\/wp-content\/uploads\/2023\/05\/dddddddd-1536x864.png 1536w, https:\/\/madegr8.eu\/wp-content\/uploads\/2023\/05\/dddddddd-2048x1152.png 2048w, https:\/\/madegr8.eu\/wp-content\/uploads\/2023\/05\/dddddddd-1200x675.png 1200w, https:\/\/madegr8.eu\/wp-content\/uploads\/2023\/05\/dddddddd-1920x1080.png 1920w\" ><\/figure><\/div><\/div><\/div><\/div>\n\n\n\n<div class=\"flext-block-section flext-has-background flext-has-background-dim has-background-dim-100 alignfull flext-block-1682430149796\"><div class=\"flext-block-section-background\"><span class=\"flext-block-section-overlay-background has-primary-background-color\"><\/span><\/div><div class=\"flext-block-section-inner\">\n<div class=\"wp-block-columns alignfull is-layout-flex wp-container-core-columns-is-layout-28f84493 wp-block-columns-is-layout-flex\">\n<div class=\"wp-block-column flext-block-1682430093032 is-layout-flow wp-block-column-is-layout-flow\" style=\"flex-basis:35%\">\n<h1 class=\"wp-block-heading has-white-color has-text-color flext-has-animation flext-animation-elastic-in-up flext-animation-delay-375 flext-animation-once flext-block-1652597727852\" style=\"font-size:90px;font-style:normal;font-weight:100\"><strong>Que puis-je<\/strong> faire pour vous?<\/h1>\n\n\n\n<div style=\"height:15px\" aria-hidden=\"true\" class=\"wp-block-spacer\"><\/div>\n<\/div>\n\n\n\n<div class=\"wp-block-column flext-block-1682430107025 is-layout-flow wp-block-column-is-layout-flow\" style=\"flex-basis:69.66%\">\n<h2 class=\"wp-block-heading flext-has-animation flext-animation-elastic-in-right flext-animation-delay-250 flext-animation-once\" style=\"font-size:40px\">Projets dans le domaine de :<\/h2>\n\n\n\n<figure class=\"wp-block-table is-style-evie-list\" style=\"font-size:16px\"><table class=\"has-black-color has-text-color has-fixed-layout\"><tbody><tr><td class=\"has-text-align-left\" data-align=\"left\">Strat\u00e9gie cr\u00e9ative<\/td><\/tr><tr><td class=\"has-text-align-left\" data-align=\"left\">Conception de la marque<\/td><\/tr><tr><td class=\"has-text-align-left\" data-align=\"left\">Illustration et dessin<\/td><\/tr><tr><td class=\"has-text-align-left\" data-align=\"left\">Graphiques \u00e9ditoriaux<\/td><\/tr><tr><td class=\"has-text-align-left\" data-align=\"left\">Conceptions d\u2019emballage<\/td><\/tr><tr><td class=\"has-text-align-left\" data-align=\"left\">\u00c9dition de livres et d\u2019imprim\u00e9s<\/td><\/tr><tr><td class=\"has-text-align-left\" data-align=\"left\">Conception d\u2019\u00e9v\u00e9nements artistiques<\/td><\/tr><tr><td class=\"has-text-align-left\" data-align=\"left\">Visualisation et pr\u00e9sentation des donn\u00e9es<\/td><\/tr><tr><td class=\"has-text-align-left\" data-align=\"left\">Pr\u00e9sentations d\u2019affaires<\/td><\/tr><tr><td class=\"has-text-align-left\" data-align=\"left\">Animations courtes\/opening<\/td><\/tr><tr><td class=\"has-text-align-left\" data-align=\"left\">Interface utilisateur<\/td><\/tr><tr><td class=\"has-text-align-left\" data-align=\"left\">et d\u2019autres<\/td><\/tr><\/tbody><\/table><\/figure>\n<\/div>\n<\/div>\n<\/div><\/div>\n\n\n\n<figure class=\"wp-block-video alignfull flext-has-animation flext-animation-elastic-in-up flext-animation-delay-250 flext-animation-once flext-block-1633670542475\"><video height=\"1080\" style=\"aspect-ratio: 1920 \/ 1080;\" width=\"1920\" autoplay loop muted src=\"https:\/\/madegr8.eu\/wp-content\/uploads\/2023\/05\/video-Szymon-Maciek.mp4\" playsinline><\/video><\/figure>\n\n\n\n<div class=\"flext-block-section flext-has-background flext-has-background-dim flext-has-scheme-dark has-background-dim-100 alignfull flext-block-1682269127990\"><div class=\"flext-block-section-background\"><span class=\"flext-block-section-overlay-background has-primary-background-color\"><\/span><\/div><div class=\"flext-block-section-inner\">\n<div class=\"wp-block-columns alignfull is-layout-flex wp-container-core-columns-is-layout-28f84493 wp-block-columns-is-layout-flex\">\n<div class=\"wp-block-column is-layout-flow wp-block-column-is-layout-flow\" style=\"flex-basis:35%\">\n<h1 class=\"wp-block-heading flext-has-animation flext-animation-elastic-in-up flext-animation-delay-375 flext-animation-once flext-block-1682266965267\" style=\"font-size:90px;font-style:normal;font-weight:100\"><strong>Sur<\/strong> moi<\/h1>\n\n\n\n<div style=\"height:15px\" aria-hidden=\"true\" class=\"wp-block-spacer\"><\/div>\n<\/div>\n\n\n\n<div class=\"wp-block-column flext-block-1682595383216 is-layout-flow wp-block-column-is-layout-flow\" style=\"flex-basis:50%\">\n<h2 class=\"wp-block-heading has-eerie-black-color has-text-color flext-has-animation flext-animation-elastic-in-right flext-animation-delay-500 flext-animation-once\" style=\"font-size:37px\">Capturez des moments &#8211; Faites de l\u2019art<\/h2>\n\n\n\n<p class=\"has-eerie-black-color has-text-color flext-has-animation flext-animation-fade-right flext-animation-delay-625 flext-animation-once flext-block-1682595079617\" style=\"font-size:16px\">Graphiste ind\u00e9pendant polonais. Passionn\u00e9 par les choses esth\u00e9tiques li\u00e9es au design, au monde et \u00e0 la nature. Je cherche con- stamment ma place sur cette plan\u00e8te et j\u2019attrape le vent en attendant. Collectionneur de moments inoubliables, bien d\u00e9cid\u00e9 \u00e0 les revivre.<\/p>\n<\/div>\n<\/div>\n<\/div><\/div>\n\n\n\n<div class=\"flext-block-section flext-has-background flext-has-background-dim has-background-dim-100 alignfull\"><div class=\"flext-block-section-background\"><span class=\"flext-block-section-overlay-background has-primary-background-color\"><\/span><\/div><div class=\"flext-block-section-inner\">\n<div class=\"wp-block-columns alignfull is-layout-flex wp-container-core-columns-is-layout-28f84493 wp-block-columns-is-layout-flex\">\n<div class=\"wp-block-column is-layout-flow wp-block-column-is-layout-flow\" style=\"flex-basis:66.66%\">\n<h3 class=\"wp-block-heading has-white-color has-text-color flext-has-animation flext-animation-fly-in flext-animation-delay-250 flext-animation-once\" style=\"font-size:40px;font-style:normal;font-weight:100\"><strong>Faisons quelque<\/strong><br>chose de grand<strong> ensemble,<\/strong><br><strong>j\u2019aimerais <\/strong>en discuter avec vous.<\/h3>\n<\/div>\n\n\n\n<div class=\"wp-block-column is-layout-flow wp-block-column-is-layout-flow\" style=\"flex-basis:33.33%\"><\/div>\n<\/div>\n\n\n\n<div style=\"height:30px\" aria-hidden=\"true\" class=\"wp-block-spacer\"><\/div>\n\n\n\n<div class=\"wp-block-columns alignfull is-not-stacked-on-mobile is-layout-flex wp-container-core-columns-is-layout-28f84493 wp-block-columns-is-layout-flex\">\n<div class=\"wp-block-column is-layout-flow wp-block-column-is-layout-flow\" style=\"flex-basis:50%\">\n<p class=\"has-white-color has-text-color flext-has-animation flext-animation-elastic-in-up flext-animation-delay-375 flext-animation-once\" style=\"font-size:70px\"><span class=\"flext-format-underline\"><a href=\"https:\/\/madegr8.eu\/contact-me\/\" data-type=\"page\">Say <strong><span class=\"flext-has-inline-animation flext-inline-flip-horizontal\" data-text=\"Hi\">hello<\/span>!<\/strong><\/a><\/span><\/p>\n<\/div>\n\n\n\n<div class=\"wp-block-column is-vertically-aligned-center is-layout-flow wp-block-column-is-layout-flow\" style=\"flex-basis:66.66%\">\n<div class=\"wp-block-columns is-not-stacked-on-mobile flext-has-animation flext-animation-fly-in flext-animation-delay-250 flext-animation-once is-layout-flex wp-container-core-columns-is-layout-28f84493 wp-block-columns-is-layout-flex\">\n<div class=\"wp-block-column flext-block-1682429676571 is-layout-flow wp-block-column-is-layout-flow\"><\/div>\n\n\n\n<div class=\"wp-block-column flext-block-1682429668291 is-layout-flow wp-block-column-is-layout-flow\"><\/div>\n\n\n\n<div class=\"wp-block-column flext-block-1682429683585 is-layout-flow wp-block-column-is-layout-flow\"><\/div>\n\n\n\n<div class=\"wp-block-column is-layout-flow wp-block-column-is-layout-flow\">\n<figure class=\"wp-block-image size-full is-resized\"><a href=\"https:\/\/www.behance.net\/sp79754443d\"><img  decoding=\"async\"  src=\"data:image\/png;base64,iVBORw0KGgoAAAANSUhEUgAAAAEAAAABAQMAAAAl21bKAAAAA1BMVEUAAACnej3aAAAAAXRSTlMAQObYZgAAAAlwSFlzAAAOxAAADsQBlSsOGwAAAApJREFUCNdjYAAAAAIAAeIhvDMAAAAASUVORK5CYII=\"  alt=\"\"  class=\"wp-image-4712 lazyload\"  width=\"64\"  height=\"64\"  data-sizes=\"auto\"  data-ls-sizes=\"(max-width: 64px) 100vw, 64px\"  data-src=\"https:\/\/madegr8.eu\/wp-content\/uploads\/2023\/04\/behance-black.png\"  data-srcset=\"https:\/\/madegr8.eu\/wp-content\/uploads\/2023\/04\/behance-black.png 512w, https:\/\/madegr8.eu\/wp-content\/uploads\/2023\/04\/behance-black-300x300.png 300w, https:\/\/madegr8.eu\/wp-content\/uploads\/2023\/04\/behance-black-150x150.png 150w, https:\/\/madegr8.eu\/wp-content\/uploads\/2023\/04\/behance-black-360x360.png 360w\" ><\/a><\/figure>\n<\/div>\n\n\n\n<div class=\"wp-block-column is-layout-flow wp-block-column-is-layout-flow\">\n<figure class=\"wp-block-image size-full is-resized\"><a href=\"https:\/\/www.facebook.com\/profile.php?id=100091343674954\"><img  decoding=\"async\"  src=\"data:image\/png;base64,iVBORw0KGgoAAAANSUhEUgAAAAEAAAABAQMAAAAl21bKAAAAA1BMVEUAAACnej3aAAAAAXRSTlMAQObYZgAAAAlwSFlzAAAOxAAADsQBlSsOGwAAAApJREFUCNdjYAAAAAIAAeIhvDMAAAAASUVORK5CYII=\"  alt=\"\"  class=\"wp-image-4710 lazyload\"  width=\"64\"  height=\"64\"  data-sizes=\"auto\"  data-ls-sizes=\"(max-width: 64px) 100vw, 64px\"  data-src=\"https:\/\/madegr8.eu\/wp-content\/uploads\/2023\/04\/facebook-black.png\"  data-srcset=\"https:\/\/madegr8.eu\/wp-content\/uploads\/2023\/04\/facebook-black.png 512w, https:\/\/madegr8.eu\/wp-content\/uploads\/2023\/04\/facebook-black-300x300.png 300w, https:\/\/madegr8.eu\/wp-content\/uploads\/2023\/04\/facebook-black-150x150.png 150w, https:\/\/madegr8.eu\/wp-content\/uploads\/2023\/04\/facebook-black-360x360.png 360w\" ><\/a><\/figure>\n<\/div>\n\n\n\n<div class=\"wp-block-column is-layout-flow wp-block-column-is-layout-flow\">\n<figure class=\"wp-block-image size-full is-resized\"><a href=\"https:\/\/www.instagram.com\/made.gr8\/\"><img  decoding=\"async\"  src=\"data:image\/png;base64,iVBORw0KGgoAAAANSUhEUgAAAAEAAAABAQMAAAAl21bKAAAAA1BMVEUAAACnej3aAAAAAXRSTlMAQObYZgAAAAlwSFlzAAAOxAAADsQBlSsOGwAAAApJREFUCNdjYAAAAAIAAeIhvDMAAAAASUVORK5CYII=\"  alt=\"\"  class=\"wp-image-4714 lazyload\"  width=\"64\"  height=\"64\"  data-sizes=\"auto\"  data-ls-sizes=\"(max-width: 64px) 100vw, 64px\"  data-src=\"https:\/\/madegr8.eu\/wp-content\/uploads\/2023\/04\/insta-black.png\"  data-srcset=\"https:\/\/madegr8.eu\/wp-content\/uploads\/2023\/04\/insta-black.png 512w, https:\/\/madegr8.eu\/wp-content\/uploads\/2023\/04\/insta-black-300x300.png 300w, https:\/\/madegr8.eu\/wp-content\/uploads\/2023\/04\/insta-black-150x150.png 150w, https:\/\/madegr8.eu\/wp-content\/uploads\/2023\/04\/insta-black-360x360.png 360w\" ><\/a><\/figure>\n<\/div>\n<\/div>\n<\/div>\n<\/div>\n<\/div><\/div>\n","protected":false},"excerpt":{"rendered":"","protected":false},"author":2,"featured_media":0,"parent":0,"menu_order":0,"comment_status":"closed","ping_status":"closed","template":"","meta":{"footnotes":""},"coauthors":[126],"class_list":{"0":"post-5715","1":"page","2":"type-page","3":"status-publish","5":"entry"},"_links":{"self":[{"href":"https:\/\/madegr8.eu\/fr\/wp-json\/wp\/v2\/pages\/5715","targetHints":{"allow":["GET"]}}],"collection":[{"href":"https:\/\/madegr8.eu\/fr\/wp-json\/wp\/v2\/pages"}],"about":[{"href":"https:\/\/madegr8.eu\/fr\/wp-json\/wp\/v2\/types\/page"}],"author":[{"embeddable":true,"href":"https:\/\/madegr8.eu\/fr\/wp-json\/wp\/v2\/users\/2"}],"replies":[{"embeddable":true,"href":"https:\/\/madegr8.eu\/fr\/wp-json\/wp\/v2\/comments?post=5715"}],"version-history":[{"count":6,"href":"https:\/\/madegr8.eu\/fr\/wp-json\/wp\/v2\/pages\/5715\/revisions"}],"predecessor-version":[{"id":5735,"href":"https:\/\/madegr8.eu\/fr\/wp-json\/wp\/v2\/pages\/5715\/revisions\/5735"}],"wp:attachment":[{"href":"https:\/\/madegr8.eu\/fr\/wp-json\/wp\/v2\/media?parent=5715"}],"wp:term":[{"taxonomy":"author","embeddable":true,"href":"https:\/\/madegr8.eu\/fr\/wp-json\/wp\/v2\/coauthors?post=5715"}],"curies":[{"name":"wp","href":"https:\/\/api.w.org\/{rel}","templated":true}]}}